{"id":763,"date":"2023-04-11T15:36:45","date_gmt":"2023-04-11T15:36:45","guid":{"rendered":"https:\/\/feuilletpatient.globald.harvest.agency\/mentions-legales\/"},"modified":"2024-12-03T11:36:59","modified_gmt":"2024-12-03T11:36:59","slug":"mentions-legales","status":"publish","type":"page","link":"https:\/\/feuilletpatient.globald.harvest.agency\/es\/mentions-legales\/","title":{"rendered":"Mentiones Legales"},"content":{"rendered":"\n<h5 class=\"wp-block-heading\">ENLACES HIPERTEXTOS<\/h5>\n\n\n\n<p><strong><mark style=\"background-color:rgba(0, 0, 0, 0)\" class=\"has-inline-color has-contrast-color\">Global D<\/mark><\/strong>\u00a0no controla los sitios relacionados y, por tanto, no puede responsabilizarse de su contenido. Los riesgos relacionados con la utilizaci\u00f3n de dichos sitios son de total incumbencia de la persona que los utilice. Se ajustar\u00e1 a sus condiciones de uso.<\/p>\n\n\n\n<p><strong><mark style=\"background-color:rgba(0, 0, 0, 0)\" class=\"has-inline-color has-contrast-color\">Editor\u00a0:<\/mark><\/strong><br>La sociedad Global D en la direcci\u00f3n 118 Avenue Marcel Merieux ZI de Sacuny 69530 Brignais RCS : Lyon B\u00a0752 283 739\u00a0SASU on un capital de 1 116 536\u20ac N\u00b0 de tel\u00e9fono:\u00a0+33 (0)4 78 56 97 00\u00a0Correo electr\u00f3nico: contact@globald.com<\/p>\n\n\n\n<p><mark style=\"background-color:rgba(0, 0, 0, 0)\" class=\"has-inline-color has-contrast-color\"><strong>Desarrollador:<\/strong><br><\/mark>AKARU 9 Quai Andr\u00e9 Lassagne 69001 Lyon\u00a050278141200049\u00a0H\u00e9bergeur WP SERVEUR SAS, SASU con un capital de 600 \u20ac, con domicilio en 130 Avenue du pr\u00e9sident Wilson 93100 Montreuil, inscrito en el registro mercantil de Bobigny con el n\u00famero\u00a0808 840 474, n.\u00b0 de IVA FR86808840474<\/p>\n\n\n\n<p><mark style=\"background-color:rgba(0, 0, 0, 0)\" class=\"has-inline-color has-contrast-color\"><strong>Director de publicaci\u00f3n:<\/strong><br><\/mark>M. Benoit RODRIGUEZ DE SOUZA \u2013 b.rodriguez@globald.com<\/p>\n\n\n\n<p><mark style=\"background-color:rgba(0, 0, 0, 0)\" class=\"has-inline-color has-contrast-color\"><strong>Director de comunicaci\u00f3n:<\/strong><br><\/mark>M. R\u00e9gis PROVIGNON \u2013 communication@globald.com<\/p>\n\n\n\n<p><mark style=\"background-color:rgba(0, 0, 0, 0)\" class=\"has-inline-color has-contrast-color\"><strong>Fabricante:<\/strong><br><\/mark>GLOBAL D 118 Avenue Marcel M\u00e9rieux 69530 Brignais France Tel :\u00a0+33 (0)4 78 56 97 00\u00a0Fax :\u00a0+33 (0)4 78 56 01 63 SAS con un capital de\u00a01 116 536\u20ac SIRET:\u00a0752 283 739 000 23<\/p>\n\n\n\n<p><mark style=\"background-color:rgba(0, 0, 0, 0)\" class=\"has-inline-color has-contrast-color\"><strong>Direcci\u00f3n:<\/strong><br><\/mark>118 avenue Marcel M\u00e9rieux 96530 Brignais (Francia)<\/p>\n\n\n\n<p><mark style=\"background-color:rgba(0, 0, 0, 0)\" class=\"has-inline-color has-contrast-color\"><strong>Materiales:<\/strong><br><\/mark>todos los implantes son de aleaci\u00f3n de titanio (TA6V) o de titanio puro T40 y T60, siguiendo las normas ISO 5832-3 e ISO 5832-2.<\/p>\n\n\n\n<h5 class=\"wp-block-heading\">INDICACIONES ALEGADAS<\/h5>\n\n\n\n<ul class=\"wp-block-list\">\n<li><strong><mark style=\"background-color:rgba(0, 0, 0, 0)\" class=\"has-inline-color has-contrast-color\">Sistema de implantes dentales:<\/mark><\/strong>\u00a0Los sistemas de implantes dentales Tekka y Serf est\u00e1n compuestos por implantes endo\u00f3seos, de auxiliares y de piezas prot\u00e9sicas asociadas. Los implantes dentales Tekka y Serf se deben colocar mediante intervenci\u00f3n quir\u00fargica en el hueso de la mand\u00edbula superior o inferior para sostener los dispositivos prot\u00e9sicos y restaurar la est\u00e9tica y la funci\u00f3n masticatoria del paciente, en una o varias aplicaciones unitarias. Los productos Tekka KRESTAL\u00ae, KRESTAL\u00aeUniversal, In-Kone\u00aeUniversal, In-Kone PRIMO\u00ae, T-QUEST\u00aeUniversal y los productos Serf EVL\u00ae N, EVL\u00ae S, EVL\u00ae KONIK, CLINIC\u00ae E y CLINIC\u00ae K tambi\u00e9n se pueden utilizar en procedimientos quir\u00fargicos de una o dos etapas, mientras que los productos tekka Twinkon\u00aeUniversal, PROGRESS y MONOBLOC y los Serf INCYBLOC\u00ae, INCYBLOC\u00ae L y EVL\u00ae COMPACT est\u00e1n concebidos para una sola etapa. Se recomienda la carga inmediata siempre que haya una buena estabilidad primaria y una carga oclusal apropiada. Esta t\u00e9cnica solo se tiene en cuenta cuando cualquier otro tratamiento que sea menos invasivo se haya considerado menos apropiado.<\/li>\n\n\n\n<li><mark style=\"background-color:rgba(0, 0, 0, 0)\" class=\"has-inline-color has-contrast-color\">Sistema de osteos\u00edntesis maxilofacial:<\/mark><br>Los sistemas de osteos\u00edntesis maxilofacial tekka est\u00e1n destinados para osteotom\u00edas, estabilizaciones, fijaciones r\u00edgidas de fracturas CMF (craneomaxilofaciales), pero tambi\u00e9n para cirug\u00edas reconstructivas y ortogn\u00e1ticas.<br>Los sistemas ORTRAUTEK y EASYTEK\u00aeortrau est\u00e1n formados por placas y tornillos\n<ul class=\"wp-block-list\">\n<li>El sistema ORTRAUTEK TRAUMA es un sistema craneomaxilofacial compuesto de tornillos y de placas de titanio que est\u00e1 destinado para la estabilizaci\u00f3n y la fijaci\u00f3n r\u00edgida de fracturas craneomaxilofaciales, traumatismos selectivos y cirug\u00edas reconstructivas.<\/li>\n\n\n\n<li>El sistema ORTRAUTEK ORTHOGNATHIC est\u00e1 destinado para la cirug\u00eda maxilofacial oral y para cirug\u00edas ortogn\u00e1ticas selectivas del maxilar y de la mand\u00edbula.<\/li>\n<\/ul>\n<\/li>\n\n\n\n<li><mark style=\"background-color:rgba(0, 0, 0, 0)\" class=\"has-inline-color has-contrast-color\">Los sistemas MINITEK, MICROTEK, EASYTEK\u00aemini y EASYTEK\u00aemicro<\/mark> se utilizan en traumatolog\u00eda pedi\u00e1trica as\u00ed como en traumatolog\u00eda del tercio medio de la cara para estabilizar las fracturas del esqueleto craneofacial.<\/li>\n\n\n\n<li><mark style=\"background-color:rgba(0, 0, 0, 0)\" class=\"has-inline-color has-contrast-color\">Los sistemas GRAFTEK y EASYTEK\u00aegraft<\/mark> se utilizan para la inserci\u00f3n de injertos \u00f3seos y la fijaci\u00f3n de membranas en cirug\u00eda preimplantatoria.<\/li>\n\n\n\n<li><mark style=\"background-color:rgba(0, 0, 0, 0)\" class=\"has-inline-color has-contrast-color\">Los sistemas NEUROTEK y EASYTEK\u00aeneuro<\/mark> se utilizan para tapar los componentes craneales adem\u00e1s de para la traumatolog\u00eda del tercio superior del esqueleto craneofacial que necesite una osteos\u00edntesis.<\/li>\n\n\n\n<li><mark style=\"background-color:rgba(0, 0, 0, 0)\" class=\"has-inline-color has-contrast-color\">Los sistemas de reconstrucci\u00f3n mandibular Tekka CARCITEK y EASYTEK\u00aecarci<\/mark> se utilizan para la fijaci\u00f3n interna de las fracturas mandibulares adem\u00e1s de para reconstrucciones primarias y secundarias.<\/li>\n\n\n\n<li><mark style=\"background-color:rgba(0, 0, 0, 0)\" class=\"has-inline-color has-contrast-color\">Los sistemas de anclajes para ortodoncia tekka ANCOTEK y EASYTEK\u00aeanco<\/mark> se utilizan para fijaci\u00f3n \u00f3sea para ortodoncias destinadas para la recolocaci\u00f3n de uno o varios dientes.<\/li>\n\n\n\n<li><mark style=\"background-color:rgba(0, 0, 0, 0)\" class=\"has-inline-color has-contrast-color\">La utilizaci\u00f3n de sistemas de osteos\u00edntesis de anclaje<\/mark> descritos solo se puede tener en cuenta cuando todas las posibilidades m\u00e9dicas y quir\u00fargicas menos invasivas se hayan considerado menos apropiadas.<\/li>\n<\/ul>\n\n\n\n<h5 class=\"wp-block-heading\">CONSULTAR EL FOLLETO DE INSTRUCCIONES SOBRE EL EMBALAJE<\/h5>\n\n\n\n<p><strong><mark style=\"background-color:rgba(0, 0, 0, 0)\" class=\"has-inline-color has-contrast-color\">Atenci\u00f3n: todas estas piezas est\u00e1n disponibles para exportar a reserva de obtener las homologaciones en vigor en los pa\u00edses pertinentes.<\/mark><\/strong><\/p>\n\n\n\n<p><\/p>\n","protected":false},"excerpt":{"rendered":"<p>ENLACES HIPERTEXTOS Global D\u00a0no controla los sitios relacionados y, por tanto, no puede responsabilizarse de su contenido. Los riesgos relacionados con la utilizaci\u00f3n de dichos sitios son de total incumbencia de la persona que los utilice. Se ajustar\u00e1 a sus condiciones de uso. Editor\u00a0:La sociedad Global D en la direcci\u00f3n 118 Avenue Marcel Merieux ZI [&hellip;]<\/p>\n","protected":false},"author":1,"featured_media":0,"parent":0,"menu_order":0,"comment_status":"closed","ping_status":"closed","template":"","meta":{"_acf_changed":false,"inline_featured_image":false,"footnotes":""},"class_list":["post-763","page","type-page","status-publish","hentry"],"acf":[],"yoast_head":"<!-- This site is optimized with the Yoast SEO plugin v22.4 - https:\/\/yoast.com\/wordpress\/plugins\/seo\/ -->\n<title>Mentiones Legales - GlobalD<\/title>\n<meta name=\"robots\" content=\"index, follow, max-snippet:-1, max-image-preview:large, max-video-preview:-1\" \/>\n<link rel=\"canonical\" href=\"https:\/\/feuilletpatient.globald.harvest.agency\/es\/mentions-legales\/\" \/>\n<meta property=\"og:locale\" content=\"es_ES\" \/>\n<meta property=\"og:type\" content=\"article\" \/>\n<meta property=\"og:title\" content=\"Mentiones Legales - GlobalD\" \/>\n<meta property=\"og:description\" content=\"ENLACES HIPERTEXTOS Global D\u00a0no controla los sitios relacionados y, por tanto, no puede responsabilizarse de su contenido. Los riesgos relacionados con la utilizaci\u00f3n de dichos sitios son de total incumbencia de la persona que los utilice. Se ajustar\u00e1 a sus condiciones de uso. Editor\u00a0:La sociedad Global D en la direcci\u00f3n 118 Avenue Marcel Merieux ZI [&hellip;]\" \/>\n<meta property=\"og:url\" content=\"https:\/\/feuilletpatient.globald.harvest.agency\/es\/mentions-legales\/\" \/>\n<meta property=\"og:site_name\" content=\"GlobalD\" \/>\n<meta property=\"article:modified_time\" content=\"2024-12-03T11:36:59+00:00\" \/>\n<meta name=\"twitter:card\" content=\"summary_large_image\" \/>\n<meta name=\"twitter:label1\" content=\"Tiempo de lectura\" \/>\n\t<meta name=\"twitter:data1\" content=\"4 minutos\" \/>\n<script type=\"application\/ld+json\" class=\"yoast-schema-graph\">{\"@context\":\"https:\/\/schema.org\",\"@graph\":[{\"@type\":\"WebPage\",\"@id\":\"https:\/\/feuilletpatient.globald.harvest.agency\/es\/mentions-legales\/\",\"url\":\"https:\/\/feuilletpatient.globald.harvest.agency\/es\/mentions-legales\/\",\"name\":\"Mentiones Legales - GlobalD\",\"isPartOf\":{\"@id\":\"https:\/\/feuilletpatient.globald.harvest.agency\/es\/#website\"},\"datePublished\":\"2023-04-11T15:36:45+00:00\",\"dateModified\":\"2024-12-03T11:36:59+00:00\",\"breadcrumb\":{\"@id\":\"https:\/\/feuilletpatient.globald.harvest.agency\/es\/mentions-legales\/#breadcrumb\"},\"inLanguage\":\"es\",\"potentialAction\":[{\"@type\":\"ReadAction\",\"target\":[\"https:\/\/feuilletpatient.globald.harvest.agency\/es\/mentions-legales\/\"]}]},{\"@type\":\"BreadcrumbList\",\"@id\":\"https:\/\/feuilletpatient.globald.harvest.agency\/es\/mentions-legales\/#breadcrumb\",\"itemListElement\":[{\"@type\":\"ListItem\",\"position\":1,\"name\":\"Accueil\",\"item\":\"https:\/\/feuilletpatient.globald.harvest.agency\/es\/\"},{\"@type\":\"ListItem\",\"position\":2,\"name\":\"Mentiones Legales\"}]},{\"@type\":\"WebSite\",\"@id\":\"https:\/\/feuilletpatient.globald.harvest.agency\/es\/#website\",\"url\":\"https:\/\/feuilletpatient.globald.harvest.agency\/es\/\",\"name\":\"GlobalD\",\"description\":\"\",\"publisher\":{\"@id\":\"https:\/\/feuilletpatient.globald.harvest.agency\/es\/#organization\"},\"potentialAction\":[{\"@type\":\"SearchAction\",\"target\":{\"@type\":\"EntryPoint\",\"urlTemplate\":\"https:\/\/feuilletpatient.globald.harvest.agency\/es\/?s={search_term_string}\"},\"query-input\":\"required name=search_term_string\"}],\"inLanguage\":\"es\"},{\"@type\":\"Organization\",\"@id\":\"https:\/\/feuilletpatient.globald.harvest.agency\/es\/#organization\",\"name\":\"GlobalD\",\"url\":\"https:\/\/feuilletpatient.globald.harvest.agency\/es\/\",\"logo\":{\"@type\":\"ImageObject\",\"inLanguage\":\"es\",\"@id\":\"https:\/\/feuilletpatient.globald.harvest.agency\/es\/#\/schema\/logo\/image\/\",\"url\":\"https:\/\/feuilletpatient.globald.harvest.agency\/wp-content\/uploads\/logo-globald.svg\",\"contentUrl\":\"https:\/\/feuilletpatient.globald.harvest.agency\/wp-content\/uploads\/logo-globald.svg\",\"width\":223,\"height\":53,\"caption\":\"GlobalD\"},\"image\":{\"@id\":\"https:\/\/feuilletpatient.globald.harvest.agency\/es\/#\/schema\/logo\/image\/\"}}]}<\/script>\n<!-- \/ Yoast SEO plugin. -->","yoast_head_json":{"title":"Mentiones Legales - GlobalD","robots":{"index":"index","follow":"follow","max-snippet":"max-snippet:-1","max-image-preview":"max-image-preview:large","max-video-preview":"max-video-preview:-1"},"canonical":"https:\/\/feuilletpatient.globald.harvest.agency\/es\/mentions-legales\/","og_locale":"es_ES","og_type":"article","og_title":"Mentiones Legales - GlobalD","og_description":"ENLACES HIPERTEXTOS Global D\u00a0no controla los sitios relacionados y, por tanto, no puede responsabilizarse de su contenido. Los riesgos relacionados con la utilizaci\u00f3n de dichos sitios son de total incumbencia de la persona que los utilice. Se ajustar\u00e1 a sus condiciones de uso. Editor\u00a0:La sociedad Global D en la direcci\u00f3n 118 Avenue Marcel Merieux ZI [&hellip;]","og_url":"https:\/\/feuilletpatient.globald.harvest.agency\/es\/mentions-legales\/","og_site_name":"GlobalD","article_modified_time":"2024-12-03T11:36:59+00:00","twitter_card":"summary_large_image","twitter_misc":{"Tiempo de lectura":"4 minutos"},"schema":{"@context":"https:\/\/schema.org","@graph":[{"@type":"WebPage","@id":"https:\/\/feuilletpatient.globald.harvest.agency\/es\/mentions-legales\/","url":"https:\/\/feuilletpatient.globald.harvest.agency\/es\/mentions-legales\/","name":"Mentiones Legales - GlobalD","isPartOf":{"@id":"https:\/\/feuilletpatient.globald.harvest.agency\/es\/#website"},"datePublished":"2023-04-11T15:36:45+00:00","dateModified":"2024-12-03T11:36:59+00:00","breadcrumb":{"@id":"https:\/\/feuilletpatient.globald.harvest.agency\/es\/mentions-legales\/#breadcrumb"},"inLanguage":"es","potentialAction":[{"@type":"ReadAction","target":["https:\/\/feuilletpatient.globald.harvest.agency\/es\/mentions-legales\/"]}]},{"@type":"BreadcrumbList","@id":"https:\/\/feuilletpatient.globald.harvest.agency\/es\/mentions-legales\/#breadcrumb","itemListElement":[{"@type":"ListItem","position":1,"name":"Accueil","item":"https:\/\/feuilletpatient.globald.harvest.agency\/es\/"},{"@type":"ListItem","position":2,"name":"Mentiones Legales"}]},{"@type":"WebSite","@id":"https:\/\/feuilletpatient.globald.harvest.agency\/es\/#website","url":"https:\/\/feuilletpatient.globald.harvest.agency\/es\/","name":"GlobalD","description":"","publisher":{"@id":"https:\/\/feuilletpatient.globald.harvest.agency\/es\/#organization"},"potentialAction":[{"@type":"SearchAction","target":{"@type":"EntryPoint","urlTemplate":"https:\/\/feuilletpatient.globald.harvest.agency\/es\/?s={search_term_string}"},"query-input":"required name=search_term_string"}],"inLanguage":"es"},{"@type":"Organization","@id":"https:\/\/feuilletpatient.globald.harvest.agency\/es\/#organization","name":"GlobalD","url":"https:\/\/feuilletpatient.globald.harvest.agency\/es\/","logo":{"@type":"ImageObject","inLanguage":"es","@id":"https:\/\/feuilletpatient.globald.harvest.agency\/es\/#\/schema\/logo\/image\/","url":"https:\/\/feuilletpatient.globald.harvest.agency\/wp-content\/uploads\/logo-globald.svg","contentUrl":"https:\/\/feuilletpatient.globald.harvest.agency\/wp-content\/uploads\/logo-globald.svg","width":223,"height":53,"caption":"GlobalD"},"image":{"@id":"https:\/\/feuilletpatient.globald.harvest.agency\/es\/#\/schema\/logo\/image\/"}}]}},"jetpack_sharing_enabled":true,"_links":{"self":[{"href":"https:\/\/feuilletpatient.globald.harvest.agency\/es\/wp-json\/wp\/v2\/pages\/763","targetHints":{"allow":["GET"]}}],"collection":[{"href":"https:\/\/feuilletpatient.globald.harvest.agency\/es\/wp-json\/wp\/v2\/pages"}],"about":[{"href":"https:\/\/feuilletpatient.globald.harvest.agency\/es\/wp-json\/wp\/v2\/types\/page"}],"author":[{"embeddable":true,"href":"https:\/\/feuilletpatient.globald.harvest.agency\/es\/wp-json\/wp\/v2\/users\/1"}],"replies":[{"embeddable":true,"href":"https:\/\/feuilletpatient.globald.harvest.agency\/es\/wp-json\/wp\/v2\/comments?post=763"}],"version-history":[{"count":2,"href":"https:\/\/feuilletpatient.globald.harvest.agency\/es\/wp-json\/wp\/v2\/pages\/763\/revisions"}],"predecessor-version":[{"id":834,"href":"https:\/\/feuilletpatient.globald.harvest.agency\/es\/wp-json\/wp\/v2\/pages\/763\/revisions\/834"}],"wp:attachment":[{"href":"https:\/\/feuilletpatient.globald.harvest.agency\/es\/wp-json\/wp\/v2\/media?parent=763"}],"curies":[{"name":"wp","href":"https:\/\/api.w.org\/{rel}","templated":true}]}}