{"id":815,"date":"2023-04-11T15:35:56","date_gmt":"2023-04-11T15:35:56","guid":{"rendered":"https:\/\/feuilletpatient.globald.harvest.agency\/?page_id=815"},"modified":"2024-12-04T11:00:47","modified_gmt":"2024-12-04T11:00:47","slug":"centro-privacy","status":"publish","type":"page","link":"https:\/\/feuilletpatient.globald.harvest.agency\/it\/centro-privacy\/","title":{"rendered":"Centro Privacy"},"content":{"rendered":"\n<h5 class=\"wp-block-heading\"><strong>I TUOI DIRITTI<\/strong><\/h5>\n\n\n\n<p>Global D s\u2019impegna a proteggere la tua vita privata e i tuoi dati personali, in conformit\u00e0 alla&nbsp;<a href=\"https:\/\/www.legifrance.gouv.fr\/loda\/id\/JORFTEXT000000886460\/2020-11-19\/\" target=\"_blank\" rel=\"noreferrer noopener\">legge francese \u201cInformatique et Libert\u00e9s\u201d del 6 gennaio 1978<\/a>&nbsp;e al&nbsp;<a href=\"https:\/\/eur-lex.europa.eu\/legal-content\/FR\/TXT\/?uri=CELEX%3A32016R0679\" target=\"_blank\" rel=\"noreferrer noopener\">regolamento europeo 2016\/679 (GDPR)<\/a>&nbsp;sulla protezione dei dati personali. Questo ti garantisce i seguenti diritti:<\/p>\n\n\n\n<ul class=\"wp-block-list\">\n<li>Diritto di accesso (art. 15 GDPR)<\/li>\n\n\n\n<li>Diritto di rettifica (art. 16 GDPR)<\/li>\n\n\n\n<li>Diritto di cancellazione e limitazione di trattamento (art. 17 GDPR)<\/li>\n\n\n\n<li>Diritto di opposizione (art. 21 GDPR)<\/li>\n\n\n\n<li>Diritto alla portabilit\u00e0 dei dati<\/li>\n<\/ul>\n\n\n\n<p>Per esercitare tali diritti, puoi contattarci all\u2019indirizzo&nbsp;<a href=\"mailto:rgpd@globald.com\">rgpd@globald.com<\/a>&nbsp;specificando il tuo nome e cognome, indirizzo e-mail, societ\u00e0 di appartenenza e il o i diritti che desideri esercitare.<\/p>\n\n\n\n<h5 class=\"wp-block-heading\"><strong>FINALIT\u00c0 DEL TRATTAMENTO DEI DATI PERSONALI<\/strong><\/h5>\n\n\n\n<p>Trattiamo i tuoi dati personali per le seguenti finalit\u00e0: lo svolgimento delle nostre attivit\u00e0 commerciali, la gestione della relazione con i clienti e i contatti, l\u2019organizzazione, l\u2019iscrizione o la comunicazione commerciale, lo sviluppo delle relazioni commerciali con i nostri clienti; raccogliamo soltanto i dati strettamente necessari a classificare i nostri clienti effettivi e potenziali, a contattarli tramite e-mail o telefono e\/o a garantire il proseguimento del rapporto commerciale, dall\u2019elaborazione degli ordini alla consegna fino alla fatturazione e alla riscossione. I dati personali vengono utilizzati esclusivamente da Global D e dalle sue filiali.<\/p>\n\n\n\n<h3 class=\"wp-block-heading\">Destinatario dei dati<\/h3>\n\n\n\n<p>I dati personali raccolti sono destinati al personale autorizzato dei nostri uffici interni di marketing e comunicazione, vendite, qualit\u00e0 e conformit\u00e0, approccio clinico, servizio clienti e logistica, risorse umane e contabilit\u00e0. Le informazioni raccolte vengono registrate da Global D in archivi informatizzati, a supporto della nostra attivit\u00e0 (registrazione degli ordini e delle consegne e tracciamento della spedizione dei prodotti, organizzazione di corsi di formazione ed eventi, produzione di informazioni relative ai prodotti e alla societ\u00e0, gestione dei reclami, ecc.).<\/p>\n\n\n\n<h5 class=\"wp-block-heading\"><strong>I DATI RACCOLTI<\/strong><\/h5>\n\n\n\n<h3 class=\"wp-block-heading\">Moduli di contatto, iscrizioni agli eventi e ai corsi di formazione.<\/h3>\n\n\n\n<p>Si tratta dei dati necessari a identificarti (come persona fisica) e che raccogliamo quando compili un&nbsp;<a href=\"https:\/\/www.globald.com\/es\/contact\">modulo di contatto<\/a>&nbsp;sui nostri siti o quando ti iscrivi a un corso di formazione o a un evento: cognome, nome, professione, indirizzo, telefono, e-mail. I dati comunicati a Global D in questo contesto non vengono inoltrati a terzi.<\/p>\n\n\n\n<h3 class=\"wp-block-heading\">Le candidature online<\/h3>\n\n\n\n<p>Il trattamento dei dati personali contenuti nelle candidature \u00e8 finalizzato all\u2019amministrazione e alla gestione del processo di reclutamento. Le candidature possono essere inoltrate a Global D in formato elettronico usando l\u2019indirizzo e-mail o il&nbsp;<a href=\"https:\/\/www.globald.com\/es\/contact\">modulo di contatto<\/a>&nbsp;presente sul sito Internet. Al momento della stipula di un contratto di lavoro con il candidato, i dati personali comunicati vengono archiviati e trattati per poter gestire il contratto di lavoro, conformemente alle disposizioni di legge e ai regolamenti in vigore. Se l\u2019invio della candidatura non porta alla stipula di un contratto, essa verr\u00e0 eliminata in automatico entro un anno, fatto salvo il caso in cui Global D abbia diritto a opporsi alla sua eliminazione per perseguire un interesse legittimo.<\/p>\n\n\n\n<h3 class=\"wp-block-heading\">I dati raccolti tramite cookie e Google Analytics<\/h3>\n\n\n\n<p>I cookie sono file forniti dal tuo browser web e salvati sul tuo hard disc. Consentono di riconoscerti ad ogni nuovo collegamento a un sito Internet e di offrirti un\u2019esperienza di navigazione pi\u00f9 rapida. Utilizziamo i servizi di Google Analytics e i cookie per analizzare l\u2019utilizzo del nostro sito Internet. I dati ottenuti sono anonimizzati e non consentono di risalire alla tua identit\u00e0. In qualsiasi momento, puoi disattivare i cookie legati a Google Analytics nelle impostazioni del tuo browser o tramite il seguente link&nbsp;<a href=\"https:\/\/support.google.com\/analytics\/answer\/181881?hl=it\" target=\"_blank\" rel=\"noreferrer noopener\">https:\/\/support.google.com\/analytics\/answer\/181881?hl=it<\/a><\/p>\n\n\n\n<h5 class=\"wp-block-heading\"><strong>USO DEI TUOI DATI PERSONALI<\/strong><\/h5>\n\n\n\n<h3 class=\"wp-block-heading\">Comunichiamo con il tuo consenso<\/h3>\n\n\n\n<p>Poich\u00e9 il trattamento dei dati si basa sul tuo consenso, hai il diritto di revocarlo in qualsiasi momento; la revoca non influisce sulla legittimit\u00e0 dei trattamenti effettuati in precedenza. Esprimendo il tuo consenso, ci autorizzi a comunicarti:<br>novit\u00e0 e informazioni commerciali tramite e-mailing o newsletter dalle quali ti puoi cancellare in qualsiasi momento facendo clic sul link presente in calce a tutte le nostre comunicazioni o contattandoci direttamente all\u2019indirizzo communication@globald.com Notifiche temporanee possono essere inviate tramite SMS in occasione di conferenze, congressi o fiere; puoi rinunciare a questo servizio in qualsiasi momento scrivendo all\u2019indirizzo&nbsp;<a href=\"mailto:communication@globald.com\">communication@globald.com<\/a><\/p>\n\n\n\n<h3 class=\"wp-block-heading\">Per la consegna dei prodotti.<\/h3>\n\n\n\n<p>I tuoi dati personali ci consentono anche di tenerti informato sullo stato dei tuoi ordini tramite l\u2019invio di diverse notifiche.<br>Esse ci permettono di realizzare la spedizione e di gestirla nel migliore dei modi, cos\u00ec come i diritti che puoi esercitare in seguito all\u2019invio di un ordine ai nostri uffici: richieste legate alla garanzia, richieste di reso\u2026<\/p>\n\n\n\n<h5 class=\"wp-block-heading\"><strong>CONTROLLO E ACCESSO AI DATI PERSONALI<\/strong><\/h5>\n\n\n\n<p>In qualsiasi momento, puoi consultare i dati personali che hai scelto di condividere con noi e rettificarli, contattandoci tramite e-mail all\u2019indirizzo&nbsp;<a href=\"mailto:rgpd@globald.com\">rgpd@globald.com<\/a>&nbsp;Ti consigliamo di correggerli, se sono errati, per facilitare l\u2019erogazione dei nostri servizi (corsi di formazione, consegne, notifiche, ecc.).<br>Puoi richiedere la cancellazione dei tuoi dati personali e l\u2019eliminazione del tuo account inviando un\u2019e-mail all\u2019indirizzo&nbsp;<a href=\"mailto:rgpd@globald.com\">rgpd@globald.com<\/a>. Ricorda che in seguito all\u2019eliminazione dei dati o alla chiusura dell\u2019account cliente non potrai pi\u00f9 accedere all\u2019intera gamma dei nostri servizi. In alcuni casi, non potremo eliminare tutti i tuoi dati poich\u00e9 soggetti alle leggi in vigore. In qualsiasi momento, hai diritto a richiedere che ti vengano comunicati tutti i dati personali in nostro possesso, in un formato strutturato, di uso comune e leggibile da dispositivo automatico.<\/p>\n\n\n\n<h3 class=\"wp-block-heading\">Condivisione dei dati personali con terzi<\/h3>\n\n\n\n<p>Potremmo avere bisogno di condividere i tuoi dati personali con corrieri e spedizionieri. Comunichiamo loro il tuo cognome, nome, indirizzo, numero di telefono e indirizzo e-mail per consentire la spedizione dei tuoi ordini e l\u2019erogazione dei servizi ad essa afferenti (invio di un link e di notifiche per tracciare la spedizione tramite e-mail).<\/p>\n\n\n\n<h3 class=\"wp-block-heading\">Responsabile del trattamento<\/h3>\n\n\n\n<p>Puoi esercitare il tuo diritto di accesso ai dati e richiederne la rettifica contattandoci. Ragione sociale: Global D Indirizzo: ZI de Sacuny &#8211; 118 avenue Marcel M\u00e9rieux &#8211; 69530 Brignais &#8211; Francia Telefono:&nbsp;<a href=\"https:\/\/www.globald.com\/it\/centro-privacy\/\" target=\"_blank\" rel=\"noreferrer noopener\">+33 (0)4 78 56 97 00<\/a><br>E-mail:&nbsp;<a href=\"mailto:rgpd@globald.com\">rgpd@globald.com<\/a><\/p>\n\n\n\n<h5 class=\"wp-block-heading\"><strong>PERIODO DI CONSERVAZIONE DEI DATI PERSONALI<\/strong><\/h5>\n\n\n\n<p>I dati dei clienti sono conservati per il tempo necessario ad espletare le procedure per le quali sono stati raccolti, nel rispetto dei regolamenti in vigore. Vengono conservati per un periodo pari alla durata dei rapporti contrattuali incrementato di 3 anni per scopi di esecuzione e informazione. Ai fini contabili, i dati vengono conservati per 10 anni a partire dalla chiusura dell\u2019esercizio contabile.<br>I dati di contatto sono conservati per 3 anni se non hai partecipato o non ti sei iscritto a eventi Global D e non sono state avviate relazioni commerciali. Visitando il sito, vengono raccolti dati sulla connessione, usati esclusivamente per fini statistici e di sicurezza. I dati trasmetti tramite il&nbsp;<a href=\"https:\/\/www.globald.com\/es\/contact\">modulo di contatto<\/a>&nbsp;o posta elettronica sono raccolti per fini statistici e di corrispondenza. Vengono conservati per un periodo massimo di 3 anni.<\/p>\n\n\n\n<h5 class=\"wp-block-heading\"><strong>SICUREZZA E CONSERVAZIONE DEI DATI PERSONALI<\/strong><\/h5>\n\n\n\n<p>Global D adotta tutte le misure necessarie per tenere al sicuro i tuoi dati ed evitarne la divulgazione, la modifica o l\u2019uso non autorizzato. I dati sono conservati su server protetti da diversi protocolli, ad esempio tramite crittografia o firewall. Le nostre piattaforme e servizi web sono ospitati da OVH, WPserveur, Visiativ e Dimmo Software nei rispettivi data center in Francia e in Europa.<\/p>\n\n\n\n<p><strong>Se hai dubbi o domande riguardanti la protezione dei tuoi dati personali,<\/strong><br><strong>le nostre policy di riservatezza, le informazioni che conserviamo su di te<\/strong><br><strong>o i tuoi diritti e come esercitarli, contattaci<\/strong> : <a href=\"https:\/\/www.globald.com\/it\/modulo-di-contatto\/\">https:\/\/www.globald.com\/it\/modulo-di-contatto\/<\/a><\/p>\n\n\n\n<p><\/p>\n","protected":false},"excerpt":{"rendered":"<p>I TUOI DIRITTI Global D s\u2019impegna a proteggere la tua vita privata e i tuoi dati personali, in conformit\u00e0 alla&nbsp;legge francese \u201cInformatique et Libert\u00e9s\u201d del 6 gennaio 1978&nbsp;e al&nbsp;regolamento europeo 2016\/679 (GDPR)&nbsp;sulla protezione dei dati personali. Questo ti garantisce i seguenti diritti: Per esercitare tali diritti, puoi contattarci all\u2019indirizzo&nbsp;rgpd@globald.com&nbsp;specificando il tuo nome e cognome, indirizzo [&hellip;]<\/p>\n","protected":false},"author":2,"featured_media":0,"parent":0,"menu_order":0,"comment_status":"closed","ping_status":"closed","template":"","meta":{"_acf_changed":false,"inline_featured_image":false,"footnotes":""},"class_list":["post-815","page","type-page","status-publish","hentry"],"acf":[],"yoast_head":"<!-- This site is optimized with the Yoast SEO plugin v22.4 - https:\/\/yoast.com\/wordpress\/plugins\/seo\/ -->\n<title>Centro Privacy - GlobalD<\/title>\n<meta name=\"robots\" content=\"index, follow, max-snippet:-1, max-image-preview:large, max-video-preview:-1\" \/>\n<link rel=\"canonical\" href=\"https:\/\/feuilletpatient.globald.harvest.agency\/it\/centro-privacy\/\" \/>\n<meta property=\"og:locale\" content=\"it_IT\" \/>\n<meta property=\"og:type\" content=\"article\" \/>\n<meta property=\"og:title\" content=\"Centro Privacy - GlobalD\" \/>\n<meta property=\"og:description\" content=\"I TUOI DIRITTI Global D s\u2019impegna a proteggere la tua vita privata e i tuoi dati personali, in conformit\u00e0 alla&nbsp;legge francese \u201cInformatique et Libert\u00e9s\u201d del 6 gennaio 1978&nbsp;e al&nbsp;regolamento europeo 2016\/679 (GDPR)&nbsp;sulla protezione dei dati personali. Questo ti garantisce i seguenti diritti: Per esercitare tali diritti, puoi contattarci all\u2019indirizzo&nbsp;rgpd@globald.com&nbsp;specificando il tuo nome e cognome, indirizzo [&hellip;]\" \/>\n<meta property=\"og:url\" content=\"https:\/\/feuilletpatient.globald.harvest.agency\/it\/centro-privacy\/\" \/>\n<meta property=\"og:site_name\" content=\"GlobalD\" \/>\n<meta property=\"article:modified_time\" content=\"2024-12-04T11:00:47+00:00\" \/>\n<meta name=\"twitter:card\" content=\"summary_large_image\" \/>\n<meta name=\"twitter:label1\" content=\"Tempo di lettura stimato\" \/>\n\t<meta name=\"twitter:data1\" content=\"7 minuti\" \/>\n<script type=\"application\/ld+json\" class=\"yoast-schema-graph\">{\"@context\":\"https:\/\/schema.org\",\"@graph\":[{\"@type\":\"WebPage\",\"@id\":\"https:\/\/feuilletpatient.globald.harvest.agency\/it\/centro-privacy\/\",\"url\":\"https:\/\/feuilletpatient.globald.harvest.agency\/it\/centro-privacy\/\",\"name\":\"Centro Privacy - GlobalD\",\"isPartOf\":{\"@id\":\"https:\/\/feuilletpatient.globald.harvest.agency\/it\/#website\"},\"datePublished\":\"2023-04-11T15:35:56+00:00\",\"dateModified\":\"2024-12-04T11:00:47+00:00\",\"breadcrumb\":{\"@id\":\"https:\/\/feuilletpatient.globald.harvest.agency\/it\/centro-privacy\/#breadcrumb\"},\"inLanguage\":\"it-IT\",\"potentialAction\":[{\"@type\":\"ReadAction\",\"target\":[\"https:\/\/feuilletpatient.globald.harvest.agency\/it\/centro-privacy\/\"]}]},{\"@type\":\"BreadcrumbList\",\"@id\":\"https:\/\/feuilletpatient.globald.harvest.agency\/it\/centro-privacy\/#breadcrumb\",\"itemListElement\":[{\"@type\":\"ListItem\",\"position\":1,\"name\":\"Accueil\",\"item\":\"https:\/\/feuilletpatient.globald.harvest.agency\/it\/\"},{\"@type\":\"ListItem\",\"position\":2,\"name\":\"Centro Privacy\"}]},{\"@type\":\"WebSite\",\"@id\":\"https:\/\/feuilletpatient.globald.harvest.agency\/it\/#website\",\"url\":\"https:\/\/feuilletpatient.globald.harvest.agency\/it\/\",\"name\":\"GlobalD\",\"description\":\"\",\"publisher\":{\"@id\":\"https:\/\/feuilletpatient.globald.harvest.agency\/it\/#organization\"},\"potentialAction\":[{\"@type\":\"SearchAction\",\"target\":{\"@type\":\"EntryPoint\",\"urlTemplate\":\"https:\/\/feuilletpatient.globald.harvest.agency\/it\/?s={search_term_string}\"},\"query-input\":\"required name=search_term_string\"}],\"inLanguage\":\"it-IT\"},{\"@type\":\"Organization\",\"@id\":\"https:\/\/feuilletpatient.globald.harvest.agency\/it\/#organization\",\"name\":\"GlobalD\",\"url\":\"https:\/\/feuilletpatient.globald.harvest.agency\/it\/\",\"logo\":{\"@type\":\"ImageObject\",\"inLanguage\":\"it-IT\",\"@id\":\"https:\/\/feuilletpatient.globald.harvest.agency\/it\/#\/schema\/logo\/image\/\",\"url\":\"https:\/\/feuilletpatient.globald.harvest.agency\/wp-content\/uploads\/logo-globald.svg\",\"contentUrl\":\"https:\/\/feuilletpatient.globald.harvest.agency\/wp-content\/uploads\/logo-globald.svg\",\"width\":223,\"height\":53,\"caption\":\"GlobalD\"},\"image\":{\"@id\":\"https:\/\/feuilletpatient.globald.harvest.agency\/it\/#\/schema\/logo\/image\/\"}}]}<\/script>\n<!-- \/ Yoast SEO plugin. -->","yoast_head_json":{"title":"Centro Privacy - GlobalD","robots":{"index":"index","follow":"follow","max-snippet":"max-snippet:-1","max-image-preview":"max-image-preview:large","max-video-preview":"max-video-preview:-1"},"canonical":"https:\/\/feuilletpatient.globald.harvest.agency\/it\/centro-privacy\/","og_locale":"it_IT","og_type":"article","og_title":"Centro Privacy - GlobalD","og_description":"I TUOI DIRITTI Global D s\u2019impegna a proteggere la tua vita privata e i tuoi dati personali, in conformit\u00e0 alla&nbsp;legge francese \u201cInformatique et Libert\u00e9s\u201d del 6 gennaio 1978&nbsp;e al&nbsp;regolamento europeo 2016\/679 (GDPR)&nbsp;sulla protezione dei dati personali. Questo ti garantisce i seguenti diritti: Per esercitare tali diritti, puoi contattarci all\u2019indirizzo&nbsp;rgpd@globald.com&nbsp;specificando il tuo nome e cognome, indirizzo [&hellip;]","og_url":"https:\/\/feuilletpatient.globald.harvest.agency\/it\/centro-privacy\/","og_site_name":"GlobalD","article_modified_time":"2024-12-04T11:00:47+00:00","twitter_card":"summary_large_image","twitter_misc":{"Tempo di lettura stimato":"7 minuti"},"schema":{"@context":"https:\/\/schema.org","@graph":[{"@type":"WebPage","@id":"https:\/\/feuilletpatient.globald.harvest.agency\/it\/centro-privacy\/","url":"https:\/\/feuilletpatient.globald.harvest.agency\/it\/centro-privacy\/","name":"Centro Privacy - GlobalD","isPartOf":{"@id":"https:\/\/feuilletpatient.globald.harvest.agency\/it\/#website"},"datePublished":"2023-04-11T15:35:56+00:00","dateModified":"2024-12-04T11:00:47+00:00","breadcrumb":{"@id":"https:\/\/feuilletpatient.globald.harvest.agency\/it\/centro-privacy\/#breadcrumb"},"inLanguage":"it-IT","potentialAction":[{"@type":"ReadAction","target":["https:\/\/feuilletpatient.globald.harvest.agency\/it\/centro-privacy\/"]}]},{"@type":"BreadcrumbList","@id":"https:\/\/feuilletpatient.globald.harvest.agency\/it\/centro-privacy\/#breadcrumb","itemListElement":[{"@type":"ListItem","position":1,"name":"Accueil","item":"https:\/\/feuilletpatient.globald.harvest.agency\/it\/"},{"@type":"ListItem","position":2,"name":"Centro Privacy"}]},{"@type":"WebSite","@id":"https:\/\/feuilletpatient.globald.harvest.agency\/it\/#website","url":"https:\/\/feuilletpatient.globald.harvest.agency\/it\/","name":"GlobalD","description":"","publisher":{"@id":"https:\/\/feuilletpatient.globald.harvest.agency\/it\/#organization"},"potentialAction":[{"@type":"SearchAction","target":{"@type":"EntryPoint","urlTemplate":"https:\/\/feuilletpatient.globald.harvest.agency\/it\/?s={search_term_string}"},"query-input":"required name=search_term_string"}],"inLanguage":"it-IT"},{"@type":"Organization","@id":"https:\/\/feuilletpatient.globald.harvest.agency\/it\/#organization","name":"GlobalD","url":"https:\/\/feuilletpatient.globald.harvest.agency\/it\/","logo":{"@type":"ImageObject","inLanguage":"it-IT","@id":"https:\/\/feuilletpatient.globald.harvest.agency\/it\/#\/schema\/logo\/image\/","url":"https:\/\/feuilletpatient.globald.harvest.agency\/wp-content\/uploads\/logo-globald.svg","contentUrl":"https:\/\/feuilletpatient.globald.harvest.agency\/wp-content\/uploads\/logo-globald.svg","width":223,"height":53,"caption":"GlobalD"},"image":{"@id":"https:\/\/feuilletpatient.globald.harvest.agency\/it\/#\/schema\/logo\/image\/"}}]}},"jetpack_sharing_enabled":true,"_links":{"self":[{"href":"https:\/\/feuilletpatient.globald.harvest.agency\/it\/wp-json\/wp\/v2\/pages\/815","targetHints":{"allow":["GET"]}}],"collection":[{"href":"https:\/\/feuilletpatient.globald.harvest.agency\/it\/wp-json\/wp\/v2\/pages"}],"about":[{"href":"https:\/\/feuilletpatient.globald.harvest.agency\/it\/wp-json\/wp\/v2\/types\/page"}],"author":[{"embeddable":true,"href":"https:\/\/feuilletpatient.globald.harvest.agency\/it\/wp-json\/wp\/v2\/users\/2"}],"replies":[{"embeddable":true,"href":"https:\/\/feuilletpatient.globald.harvest.agency\/it\/wp-json\/wp\/v2\/comments?post=815"}],"version-history":[{"count":3,"href":"https:\/\/feuilletpatient.globald.harvest.agency\/it\/wp-json\/wp\/v2\/pages\/815\/revisions"}],"predecessor-version":[{"id":819,"href":"https:\/\/feuilletpatient.globald.harvest.agency\/it\/wp-json\/wp\/v2\/pages\/815\/revisions\/819"}],"wp:attachment":[{"href":"https:\/\/feuilletpatient.globald.harvest.agency\/it\/wp-json\/wp\/v2\/media?parent=815"}],"curies":[{"name":"wp","href":"https:\/\/api.w.org\/{rel}","templated":true}]}}